{"id":1123,"date":"2021-10-14T23:01:32","date_gmt":"2021-10-14T21:01:32","guid":{"rendered":"https:\/\/unitel.rs\/telenor\/?page_id=1123"},"modified":"2023-01-30T00:55:05","modified_gmt":"2023-01-29T23:55:05","slug":"pristupnice","status":"publish","type":"page","link":"https:\/\/unitel.rs\/yettel\/pristupnice\/","title":{"rendered":"PRISTUPNICE"},"content":{"rendered":"<p><div class=\"fusion-fullwidth fullwidth-box fusion-builder-row-1 fusion-flex-container fusion-parallax-none nonhundred-percent-fullwidth non-hundred-percent-height-scrolling lazyload\" style=\"--awb-background-position:center top;--awb-border-radius-top-left:0px;--awb-border-radius-top-right:0px;--awb-border-radius-bottom-right:0px;--awb-border-radius-bottom-left:0px;--awb-padding-top:8%;--awb-padding-bottom:10%;--awb-background-size:cover;--awb-flex-wrap:wrap;\" data-bg=\"https:\/\/unitel.rs\/yettel\/wp-content\/uploads\/2021\/10\/Pristupnic\u0430.jpg\" ><div class=\"fusion-builder-row fusion-row fusion-flex-align-items-flex-start fusion-flex-content-wrap\" style=\"max-width:calc( 1300px + 0px );margin-left: calc(-0px \/ 2 );margin-right: calc(-0px \/ 2 );\"><div class=\"fusion-layout-column fusion_builder_column fusion-builder-column-0 fusion_builder_column_1_1 1_1 fusion-flex-column fusion-animated\" style=\"--awb-bg-size:cover;--awb-width-large:100%;--awb-margin-top-large:5%;--awb-spacing-right-large:0px;--awb-margin-bottom-large:5%;--awb-spacing-left-large:0px;--awb-width-medium:100%;--awb-order-medium:0;--awb-spacing-right-medium:0px;--awb-spacing-left-medium:0px;--awb-width-small:100%;--awb-order-small:0;--awb-spacing-right-small:0px;--awb-spacing-left-small:0px;\" data-animationType=\"fadeInDown\" data-animationDuration=\"0.6\" data-animationOffset=\"top-into-view\"><div class=\"fusion-column-wrapper fusion-column-has-shadow fusion-flex-justify-content-flex-start fusion-content-layout-column\"><div class=\"fusion-title title fusion-title-1 fusion-sep-none fusion-title-center fusion-title-text fusion-title-size-one\" style=\"--awb-margin-bottom:0px;\"><h1 class=\"fusion-title-heading title-heading-center fusion-responsive-typography-calculated\" style=\"margin:0;--fontSize:35;line-height:1.2;\"><\/h1><\/div><\/div><\/div><\/div><\/div><div class=\"fusion-fullwidth fullwidth-box fusion-builder-row-2 fusion-flex-container nonhundred-percent-fullwidth non-hundred-percent-height-scrolling\" style=\"--awb-background-position:center top;--awb-border-radius-top-left:0px;--awb-border-radius-top-right:0px;--awb-border-radius-bottom-right:0px;--awb-border-radius-bottom-left:0px;--awb-padding-top:6%;--awb-padding-bottom:6%;--awb-flex-wrap:wrap;\" ><div class=\"fusion-builder-row fusion-row fusion-flex-align-items-flex-start fusion-flex-content-wrap\" style=\"max-width:calc( 1300px + 0px );margin-left: calc(-0px \/ 2 );margin-right: calc(-0px \/ 2 );\"><div class=\"fusion-layout-column fusion_builder_column fusion-builder-column-1 fusion_builder_column_1_1 1_1 fusion-flex-column fusion-animated\" style=\"--awb-bg-size:cover;--awb-width-large:100%;--awb-margin-top-large:40px;--awb-spacing-right-large:0px;--awb-margin-bottom-large:20px;--awb-spacing-left-large:0px;--awb-width-medium:100%;--awb-spacing-right-medium:0px;--awb-spacing-left-medium:0px;--awb-width-small:100%;--awb-spacing-right-small:0px;--awb-spacing-left-small:0px;\" data-animationType=\"slideInLeft\" data-animationDuration=\"0.6\" data-animationOffset=\"top-into-view\"><div class=\"fusion-column-wrapper fusion-flex-justify-content-flex-start fusion-content-layout-column\"><div class=\"fusion-title title fusion-title-2 fusion-sep-none fusion-title-center fusion-title-text fusion-title-size-one\" style=\"--awb-margin-bottom:0px;\"><h1 class=\"fusion-title-heading title-heading-center fusion-responsive-typography-calculated\" style=\"margin:0;--fontSize:35;line-height:1.2;\"><div class=\"WordSection1\">\n<h1>PRISTUPNICE<\/h1>\n<\/div><\/h1><\/div><div class=\"fusion-text fusion-text-1\" style=\"--awb-text-transform:none;\"><h3>Za\u0161to da budem \u010dlan Sindikat UNITEL<\/h3>\n<p>Kako bismo nastavili da zaposlenima u kompaniji Yettel. obezbe\u0111ujemo postoje\u0107e i nove uslove, prava i pogodnosti, potrebno je da \u010dlanstvo Sindikata bude \u0161to reprezentativnije, ali i da doprinosimo novim ma\u0161tovitim idejama. Neke od tih ideja su ve\u0107 realizovane kroz mogu\u0107nost da \u010dlanovi Sindikata beskamatno i putem administrativne zabrane kupuju proizvode i usluge u prodavnicama kao \u0161to su Sport Vision, Gigatron, Tehnomanija, Diopta, Office shoes, stomatolo\u0161kim ordinacijama Centraldent, Dental \u0106ur\u010di\u0107, Dental D2, Morita Dental centar kao i sa Dunav Osiguranjem gde \u010dlanovi za sve vrste osiguranja mogu da ostvare odre\u0111ene benefite. Tu su i mnogi drugi privredni subjekti sa kojima se mo\u017eete upoznati putem linka https:\/\/unitel.rs\/portfolio\/<\/p>\n<p><strong>Da biste postali \u010dlan Sindikata potrebno je da popunite pristupnice i opredelite se za iznos \u010dlanarine.<\/strong><\/p>\n<p>Naknada za \u010dlanstvo u sindikatu je 1% od mese\u010dne zarade ili 600 dinara mese\u010dno, prema slobodnoj volji zaposlenog, i automatski se skida od mese\u010dne zarade. Prilikom popunjavanja pristupnice potrebno je napomenuti za \u0161ta ste se odlu\u010dili.<\/p>\n<p><u>Za koji vid \u010dlanarine \u0107ete se odlu\u010diti?<\/u><\/p>\n<p><strong>1% od NETO plate mese\u010dno:<\/strong><\/p>\n<ul>\n<li>\u0430.Kupovina preko ADZ (<a href=\"https:\/\/unitel.rs\/portfolio\/\">https:\/\/unitel.rs\/portfolio\/<\/a>)<\/li>\n<li>b. Informisanje o svim zna\u010dajnim de\u0161avanjima, planovima i odlukama (<a href=\"https:\/\/unitel.rs\/yettel\/novosti-2\/\">https:\/\/unitel.rs\/yettel\/novosti-2\/<\/a>)<\/li>\n<li>c. Pravna pomo\u0107\/konsultacije (<a href=\"https:\/\/unitel.rs\/yettel\/category\/pitajte-advokata\/\">https:\/\/unitel.rs\/yettel\/category\/pitajte-advokata\/<\/a>)<\/li>\n<li>d. Mogu\u0107nost kori\u0161\u0107enja Fonda solidarnosti (<a href=\"https:\/\/unitel.rs\/yettel\/sindikat-unitel-2\/fond-solidarnosti\/\">https:\/\/unitel.rs\/yettel\/sindikat-unitel-2\/fond-solidarnosti\/<\/a>)<\/li>\n<li><strong>e. 8. martovski poklon za koleginice (<a href=\"https:\/\/unitel.rs\/yettel\/8-mart-dan-zena\/\">https:\/\/unitel.rs\/yettel\/8-mart-dan-zena\/<\/a><\/strong><strong>)<\/strong><\/li>\n<\/ul>\n<p><strong>Ili samo 600 dinara fiksno mese\u010dno: <\/strong><\/p>\n<ul>\n<li>\u0430.Kupovina preko ADZ (<a href=\"https:\/\/unitel.rs\/portfolio\/\">https:\/\/unitel.rs\/portfolio\/<\/a><\/li>\n<li>b. Informisanje o svim zna\u010dajnim de\u0161avanjima, planovima i odlukama (<a href=\"https:\/\/unitel.rs\/yettel\/novosti-2\/\">https:\/\/unitel.rs\/yettel\/novosti-2\/<\/a>)<\/li>\n<li>c. Pravna pomo\u0107\/konsultacije (<a href=\"https:\/\/unitel.rs\/yettel\/category\/pitajte-advokata\/\">https:\/\/unitel.rs\/yettel\/category\/pitajte-advokata\/<\/a>)<\/li>\n<li><strong>e. 8. martovski poklon za koleginice (<a href=\"https:\/\/unitel.rs\/yettel\/8-mart-dan-zena\/\">https:\/\/unitel.rs\/yettel\/8-mart-dan-zena\/<\/a><\/strong><strong>)<\/strong><\/li>\n<\/ul>\n<h3><a href=\"https:\/\/unitel.rs\/yettel\/wp-content\/uploads\/2022\/03\/Pistupnica_sindikatu-u-Yettel.doc\" target=\"_blank\" rel=\"noopener\">Pristupnica Sindikat UNI TEL u kompaniji Yettel &gt;&gt;&gt;<\/a><\/h3>\n<h3><a href=\"https:\/\/unitel.rs\/yettel\/wp-content\/uploads\/2022\/03\/Nova_zajednicka-pristupnica_UNI-TEL-SINDIKATA-2020.doc\">Pristupnica Granskom Sindikatu UNI TEL &gt;&gt;&gt;<\/a><\/h3>\n<h3><\/h3>\n<\/div><\/div><\/div><\/div><\/div><\/p>\n","protected":false},"excerpt":{"rendered":"","protected":false},"author":1,"featured_media":0,"parent":0,"menu_order":7,"comment_status":"closed","ping_status":"closed","template":"100-width.php","meta":{"footnotes":""},"class_list":["post-1123","page","type-page","status-publish","hentry"],"jetpack_sharing_enabled":true,"_links":{"self":[{"href":"https:\/\/unitel.rs\/yettel\/wp-json\/wp\/v2\/pages\/1123","targetHints":{"allow":["GET"]}}],"collection":[{"href":"https:\/\/unitel.rs\/yettel\/wp-json\/wp\/v2\/pages"}],"about":[{"href":"https:\/\/unitel.rs\/yettel\/wp-json\/wp\/v2\/types\/page"}],"author":[{"embeddable":true,"href":"https:\/\/unitel.rs\/yettel\/wp-json\/wp\/v2\/users\/1"}],"replies":[{"embeddable":true,"href":"https:\/\/unitel.rs\/yettel\/wp-json\/wp\/v2\/comments?post=1123"}],"version-history":[{"count":15,"href":"https:\/\/unitel.rs\/yettel\/wp-json\/wp\/v2\/pages\/1123\/revisions"}],"predecessor-version":[{"id":1875,"href":"https:\/\/unitel.rs\/yettel\/wp-json\/wp\/v2\/pages\/1123\/revisions\/1875"}],"wp:attachment":[{"href":"https:\/\/unitel.rs\/yettel\/wp-json\/wp\/v2\/media?parent=1123"}],"curies":[{"name":"wp","href":"https:\/\/api.w.org\/{rel}","templated":true}]}}