{"id":868,"date":"2021-09-30T21:24:10","date_gmt":"2021-09-30T19:24:10","guid":{"rendered":"https:\/\/unitel.rs\/telenor\/?page_id=868"},"modified":"2025-03-02T00:03:44","modified_gmt":"2025-03-01T23:03:44","slug":"sindikat-unitel-2","status":"publish","type":"page","link":"https:\/\/unitel.rs\/yettel\/sindikat-unitel-2\/","title":{"rendered":"SINDIKAT UNITEL"},"content":{"rendered":"<p><div class=\"fusion-fullwidth fullwidth-box fusion-builder-row-1 fusion-flex-container fusion-parallax-none nonhundred-percent-fullwidth non-hundred-percent-height-scrolling lazyload\" style=\"--awb-background-position:center top;--awb-border-radius-top-left:0px;--awb-border-radius-top-right:0px;--awb-border-radius-bottom-right:0px;--awb-border-radius-bottom-left:0px;--awb-padding-top:400px;--awb-padding-bottom:400px;--awb-background-size:cover;--awb-flex-wrap:wrap;\" data-bg=\"https:\/\/unitel.rs\/yettel\/wp-content\/uploads\/2021\/10\/UDRUZENI-SINDIKAT-TELENOR-3.jpg\" ><div class=\"fusion-builder-row fusion-row fusion-flex-align-items-flex-start fusion-flex-content-wrap\" style=\"max-width:calc( 1300px + 0px );margin-left: calc(-0px \/ 2 );margin-right: calc(-0px \/ 2 );\"><\/div><\/div><div class=\"fusion-fullwidth fullwidth-box fusion-builder-row-2 fusion-flex-container nonhundred-percent-fullwidth non-hundred-percent-height-scrolling\" style=\"--awb-background-position:center top;--awb-border-radius-top-left:0px;--awb-border-radius-top-right:0px;--awb-border-radius-bottom-right:0px;--awb-border-radius-bottom-left:0px;--awb-padding-top:6%;--awb-padding-bottom:6%;--awb-flex-wrap:wrap;\" ><div class=\"fusion-builder-row fusion-row fusion-flex-align-items-flex-start fusion-flex-content-wrap\" style=\"max-width:calc( 1300px + 0px );margin-left: calc(-0px \/ 2 );margin-right: calc(-0px \/ 2 );\"><div class=\"fusion-layout-column fusion_builder_column fusion-builder-column-0 fusion_builder_column_1_1 1_1 fusion-flex-column fusion-animated\" style=\"--awb-bg-size:cover;--awb-width-large:100%;--awb-margin-top-large:40px;--awb-spacing-right-large:0px;--awb-margin-bottom-large:20px;--awb-spacing-left-large:0px;--awb-width-medium:100%;--awb-spacing-right-medium:0px;--awb-spacing-left-medium:0px;--awb-width-small:100%;--awb-spacing-right-small:0px;--awb-spacing-left-small:0px;\" data-animationType=\"slideInLeft\" data-animationDuration=\"0.6\" data-animationOffset=\"top-into-view\"><div class=\"fusion-column-wrapper fusion-flex-justify-content-flex-start fusion-content-layout-column\"><div class=\"fusion-text fusion-text-1\" style=\"--awb-text-transform:none;\"><h1>SINDIKAT UNI -TEL u kompaniji Yettel.<\/h1>\n<p><strong>Naziv sindikalne organizacije<\/strong>:\u00a0<strong>\u201c SINDIKAT UNI TEL\u201c<\/strong><\/p>\n<p><strong>Registracija:<\/strong>\u00a0 Re\u0161enje br.110-00-323\/2006-02 iz 2006 te godine izdato od Ministarstva za\u00a0 rad, zapo\u0161ljavanje i socijalnu politiku \u2013 Republika Srbija.<\/p>\n<p><strong>Predsednik Sindikata: Dejan Roganovi\u0107 dipl.el.ing.<\/strong><\/p>\n<p>Zaposlen u kompaniji\u00a0 od \u00a01996 godine, radi na mestu Technology Infrastructure Expert for Power Supply and HVAC Systems;<br \/>\nTelefon:\u00a0 +381 63 230 781;<\/p>\n<p><strong>\u010clanovi Odbora predstavnika Sindikata : <\/strong><\/p>\n<p><strong>Vladimir Vu\u010deli\u0107 dipl.el.ing.\u00a0<\/strong>Technology Operational Controller &#8211; Senior Expert \u2022 Demand Management Area; Telefon:\u00a0 +381 63 230 439;<\/p>\n<p><strong>I \u010cedomir Vasi\u0107 \u00a0<\/strong>Physical Security Manager &#8211; \u00a0Security Department; Telefon:\u00a0 +381 63 230 566;<\/p>\n<p><strong>Adresa:<\/strong>\u00a0\u00a0Omladinskih brigada br. 90, poslovni centar ACB 11070 Novi Beograd<br \/>\n<strong>E-mail:\u00a0\u00a0\u00a0\u00a0\u00a0\u00a0\u00a0\u00a0\u00a0\u00a0 \u00a0\u00a0<a href=\"mailto:sindikat@yettel.rs\">sindikat@yettel.rs<\/a><br \/>\nWeb sajt:\u00a0\u00a0\u00a0\u00a0\u00a0\u00a0\u00a0 \u00a0<a href=\"http:\/\/www.%20unitel.rs\/yettel\">www. unitel.rs\/yettel<\/a><\/strong><\/p>\n<p><strong>PIB broj:<\/strong>\u00a0\u00a0\u00a0\u00a0\u00a0\u00a0\u00a0 104318423<br \/>\n<strong>Mati\u010dni broj:<\/strong>\u00a017643550<\/p>\n<p><strong>\u017diro ra\u010dun 1:<\/strong>\u00a0Raiffeisen Bank 265-1040310000326-50 glavni ra\u010dun<br \/>\n<strong>\u017diro ra\u010dun 2:<\/strong>\u00a0Raiffeisen Bank 265-1040310000327-47 ra\u010dun Fonda solidarnosti<\/p>\n<p>Na \u017eiro\u00a0<strong>ra\u010dun 1<\/strong>\u00a0upla\u0107uje se 60% \u010dlanarine.<br \/>\nNa \u017eiro\u00a0<strong>ra\u010dun 2<\/strong>\u00a0upla\u0107uje se 40% \u010dlanarine (ra\u010dun fonda solidarnosti).<\/p>\n<p>Broj \u010dlanova sindikata u Yettelu : 410 februar 2022. \u00a0godine<\/p>\n<\/div><\/div><\/div><\/div><\/div><\/p>\n","protected":false},"excerpt":{"rendered":"","protected":false},"author":1,"featured_media":0,"parent":0,"menu_order":4,"comment_status":"closed","ping_status":"closed","template":"100-width.php","meta":{"footnotes":""},"class_list":["post-868","page","type-page","status-publish","hentry"],"jetpack_sharing_enabled":true,"_links":{"self":[{"href":"https:\/\/unitel.rs\/yettel\/wp-json\/wp\/v2\/pages\/868","targetHints":{"allow":["GET"]}}],"collection":[{"href":"https:\/\/unitel.rs\/yettel\/wp-json\/wp\/v2\/pages"}],"about":[{"href":"https:\/\/unitel.rs\/yettel\/wp-json\/wp\/v2\/types\/page"}],"author":[{"embeddable":true,"href":"https:\/\/unitel.rs\/yettel\/wp-json\/wp\/v2\/users\/1"}],"replies":[{"embeddable":true,"href":"https:\/\/unitel.rs\/yettel\/wp-json\/wp\/v2\/comments?post=868"}],"version-history":[{"count":28,"href":"https:\/\/unitel.rs\/yettel\/wp-json\/wp\/v2\/pages\/868\/revisions"}],"predecessor-version":[{"id":2013,"href":"https:\/\/unitel.rs\/yettel\/wp-json\/wp\/v2\/pages\/868\/revisions\/2013"}],"wp:attachment":[{"href":"https:\/\/unitel.rs\/yettel\/wp-json\/wp\/v2\/media?parent=868"}],"curies":[{"name":"wp","href":"https:\/\/api.w.org\/{rel}","templated":true}]}}