{"id":882,"date":"2021-09-30T21:41:55","date_gmt":"2021-09-30T19:41:55","guid":{"rendered":"https:\/\/unitel.rs\/telenor\/?page_id=882"},"modified":"2022-03-24T23:40:36","modified_gmt":"2022-03-24T22:40:36","slug":"kodeks-ponasanja-u-sindikatu","status":"publish","type":"page","link":"https:\/\/unitel.rs\/yettel\/sindikat-unitel-2\/kodeks-ponasanja-u-sindikatu\/","title":{"rendered":"KODEKS PONA\u0160ANJA U SINDIKATU"},"content":{"rendered":"<p><div class=\"fusion-fullwidth fullwidth-box fusion-builder-row-1 fusion-flex-container fusion-parallax-none nonhundred-percent-fullwidth non-hundred-percent-height-scrolling lazyload\" style=\"--awb-background-position:center top;--awb-border-radius-top-left:0px;--awb-border-radius-top-right:0px;--awb-border-radius-bottom-right:0px;--awb-border-radius-bottom-left:0px;--awb-padding-top:15%;--awb-padding-bottom:15%;--awb-background-size:cover;--awb-flex-wrap:wrap;\" data-bg=\"https:\/\/unitel.rs\/yettel\/wp-content\/uploads\/2021\/10\/TELENOROV-KODEKS-PONASANJA-O-SINDIKATU-1.jpg\" ><div class=\"fusion-builder-row fusion-row fusion-flex-align-items-flex-start fusion-flex-content-wrap\" style=\"max-width:calc( 1300px + 0px );margin-left: calc(-0px \/ 2 );margin-right: calc(-0px \/ 2 );\"><div class=\"fusion-layout-column fusion_builder_column fusion-builder-column-0 fusion_builder_column_1_1 1_1 fusion-flex-column fusion-animated\" style=\"--awb-bg-size:cover;--awb-width-large:100%;--awb-margin-top-large:0px;--awb-spacing-right-large:0px;--awb-margin-bottom-large:20px;--awb-spacing-left-large:0px;--awb-width-medium:100%;--awb-spacing-right-medium:0px;--awb-spacing-left-medium:0px;--awb-width-small:100%;--awb-spacing-right-small:0px;--awb-spacing-left-small:0px;\" data-animationType=\"fadeInDown\" data-animationDuration=\"0.6\" data-animationOffset=\"top-into-view\"><div class=\"fusion-column-wrapper fusion-flex-justify-content-flex-start fusion-content-layout-column\"><div class=\"fusion-title title fusion-title-1 fusion-sep-none fusion-title-center fusion-title-text fusion-title-size-one\" style=\"--awb-margin-bottom:0px;\"><h1 class=\"fusion-title-heading title-heading-center fusion-responsive-typography-calculated\" style=\"margin:0;--fontSize:35;line-height:1.2;\"><\/h1><\/div><\/div><\/div><\/div><\/div><div class=\"fusion-fullwidth fullwidth-box fusion-builder-row-2 fusion-flex-container nonhundred-percent-fullwidth non-hundred-percent-height-scrolling\" style=\"--awb-background-position:center top;--awb-border-radius-top-left:0px;--awb-border-radius-top-right:0px;--awb-border-radius-bottom-right:0px;--awb-border-radius-bottom-left:0px;--awb-padding-top:6%;--awb-padding-bottom:6%;--awb-flex-wrap:wrap;\" ><div class=\"fusion-builder-row fusion-row fusion-flex-align-items-flex-start fusion-flex-content-wrap\" style=\"max-width:calc( 1300px + 0px );margin-left: calc(-0px \/ 2 );margin-right: calc(-0px \/ 2 );\"><div class=\"fusion-layout-column fusion_builder_column fusion-builder-column-1 fusion_builder_column_1_1 1_1 fusion-flex-column fusion-animated\" style=\"--awb-bg-size:cover;--awb-width-large:100%;--awb-margin-top-large:40px;--awb-spacing-right-large:0px;--awb-margin-bottom-large:20px;--awb-spacing-left-large:0px;--awb-width-medium:100%;--awb-spacing-right-medium:0px;--awb-spacing-left-medium:0px;--awb-width-small:100%;--awb-spacing-right-small:0px;--awb-spacing-left-small:0px;\" data-animationType=\"slideInLeft\" data-animationDuration=\"0.6\" data-animationOffset=\"top-into-view\"><div class=\"fusion-column-wrapper fusion-flex-justify-content-flex-start fusion-content-layout-column\"><div class=\"fusion-text fusion-text-1\" style=\"--awb-text-transform:none;\"><h1>KORPORATIVNI KODEKS PONA\u0160ANJA<\/h1>\n<p><strong>Korporativna etika<\/strong>\u00a0velikih stranih kompanija naj\u010de\u0161\u0107e podrazumeva vi\u0161e od toga da <strong>se izbegne povreda zakona<\/strong>.<\/p>\n<p>Ona mora da podrazumeva na\u010din na koji se pona\u0161amo jedni prema drugima, kako se pona\u0161amo prema spoljnom svetu. Kompanija treba da \u017eeli da svi budu uklju\u010deni i doprinesu stvaranju zdrave i <strong>korporativne kulture<\/strong> koja se temelji na zadovoljstvu i bezbednosti radnika.<\/p>\n<p>Politika kompanije treba da podrazumeva po\u0161tovanje svih va\u017ee\u0107ih zakona, pravila i propisa \u00a0koje je donela Vlada Republike Srbije.<\/p>\n<p>Kompanija treba da podr\u017eava i me\u0111unarodno proklamovana ljudska prava uklju\u010duju\u0107i Deklaraciju Ujedinjenih nacija i konvencije o ljudskim pravima.<\/p>\n<p>Svi zaposleni treba da su du\u017eni da po\u0161tuju \u00a0ljudsko dostojanstvo, privatnost kao i prava svakog pojedinca sa kojim dolaze u kontakt u toku rada i ni na koji na\u010din ne smeju prouzrokovati ili doprineti kr\u0161enju ili spre\u010davanju ostvarivanja ljudskih prava.<\/p>\n<p><strong>Kodeks<\/strong>\u00a0\u00a0<strong>pona\u0161anja<\/strong>, a koji se odnosi i na <strong>sindikat<\/strong>\u00a0zaposlenih, ali \u00a0i na zdravlje, za\u0161titu i bezbednost na radu svih zaposlenih treba da bude jasan:<\/p>\n<p>\u201eKompanija po\u0161tuje slobodu udru\u017eivanja i pravo na kolektivno pregovaranje u radnim sredinama koje su tome dorasle. Kompanija \u0107e u takvim sredinama, svojim zaposlenima omogu\u0107iti da slobodno biraju svoje predstavnike, izuzev u slu\u010dajevima kada bi to predstavljalo povredu nacionalnih zakona i propisa.<\/p>\n<p>Ovim predstavnicima treba dozvoliti da nesmetano izvr\u0161avaju svoje funkcije na radnom mestu\u201d.<\/p>\n<p><strong>Kompanija mora da snosi deo odgovornosti<\/strong>\u00a0kako bi se \u00a0izbegla \u00a0diskriminacija u odnosu na bilo kog predstavnika zaposlenih.<\/p>\n<p>Kompanija mora biti predvodnik u oblasti za\u0161tite zdravlja na radu, bezbednosti i sigurnosti svojih zaposlenih. Cilj mora biti promovisanje dobrog zdravlja i bezbedne radne sredine u skladu sa me\u0111unarodno priznatim standardima.<\/p>\n<p>Kompanija u kojoj rade \u010dlanovi Sindikata Uni Tel, treba da snosi i deo odgovornosti za postizanje ovog cilja. Preko svojih predstavnika ona mo\u017ee da u\u010dini sve kako bi kontrolisala opasnosti i preduzela sve neophodne mere predostro\u017enosti u cilju spre\u010davanja nesre\u0107a i profesionalnih oboljenja.\u201c<\/p>\n<\/div><\/div><\/div><\/div><\/div><\/p>\n","protected":false},"excerpt":{"rendered":"","protected":false},"author":1,"featured_media":0,"parent":868,"menu_order":5,"comment_status":"closed","ping_status":"closed","template":"100-width.php","meta":{"footnotes":""},"class_list":["post-882","page","type-page","status-publish","hentry"],"jetpack_sharing_enabled":true,"_links":{"self":[{"href":"https:\/\/unitel.rs\/yettel\/wp-json\/wp\/v2\/pages\/882","targetHints":{"allow":["GET"]}}],"collection":[{"href":"https:\/\/unitel.rs\/yettel\/wp-json\/wp\/v2\/pages"}],"about":[{"href":"https:\/\/unitel.rs\/yettel\/wp-json\/wp\/v2\/types\/page"}],"author":[{"embeddable":true,"href":"https:\/\/unitel.rs\/yettel\/wp-json\/wp\/v2\/users\/1"}],"replies":[{"embeddable":true,"href":"https:\/\/unitel.rs\/yettel\/wp-json\/wp\/v2\/comments?post=882"}],"version-history":[{"count":5,"href":"https:\/\/unitel.rs\/yettel\/wp-json\/wp\/v2\/pages\/882\/revisions"}],"predecessor-version":[{"id":1757,"href":"https:\/\/unitel.rs\/yettel\/wp-json\/wp\/v2\/pages\/882\/revisions\/1757"}],"up":[{"embeddable":true,"href":"https:\/\/unitel.rs\/yettel\/wp-json\/wp\/v2\/pages\/868"}],"wp:attachment":[{"href":"https:\/\/unitel.rs\/yettel\/wp-json\/wp\/v2\/media?parent=882"}],"curies":[{"name":"wp","href":"https:\/\/api.w.org\/{rel}","templated":true}]}}