{"id":884,"date":"2021-09-30T21:43:57","date_gmt":"2021-09-30T19:43:57","guid":{"rendered":"https:\/\/unitel.rs\/telenor\/?page_id=884"},"modified":"2025-03-02T00:08:17","modified_gmt":"2025-03-01T23:08:17","slug":"19-godina-sindikata","status":"publish","type":"page","link":"https:\/\/unitel.rs\/yettel\/sindikat-unitel-2\/19-godina-sindikata\/","title":{"rendered":"19 GODINA SINDIKATA"},"content":{"rendered":"<p><div class=\"fusion-fullwidth fullwidth-box fusion-builder-row-1 fusion-flex-container fusion-parallax-none nonhundred-percent-fullwidth non-hundred-percent-height-scrolling lazyload\" style=\"--awb-background-position:center top;--awb-border-radius-top-left:0px;--awb-border-radius-top-right:0px;--awb-border-radius-bottom-right:0px;--awb-border-radius-bottom-left:0px;--awb-padding-top:15%;--awb-padding-bottom:15%;--awb-background-size:cover;--awb-flex-wrap:wrap;\" data-bg=\"https:\/\/unitel.rs\/yettel\/wp-content\/uploads\/2021\/10\/15-GODINA-SINDIKATA-U-TELENORU-1.jpg\" ><div class=\"fusion-builder-row fusion-row fusion-flex-align-items-flex-start fusion-flex-content-wrap\" style=\"max-width:calc( 1300px + 0px );margin-left: calc(-0px \/ 2 );margin-right: calc(-0px \/ 2 );\"><div class=\"fusion-layout-column fusion_builder_column fusion-builder-column-0 fusion_builder_column_1_1 1_1 fusion-flex-column fusion-animated\" style=\"--awb-bg-size:cover;--awb-width-large:100%;--awb-margin-top-large:0px;--awb-spacing-right-large:0px;--awb-margin-bottom-large:20px;--awb-spacing-left-large:0px;--awb-width-medium:100%;--awb-spacing-right-medium:0px;--awb-spacing-left-medium:0px;--awb-width-small:100%;--awb-spacing-right-small:0px;--awb-spacing-left-small:0px;\" data-animationType=\"fadeInDown\" data-animationDuration=\"0.6\" data-animationOffset=\"top-into-view\"><div class=\"fusion-column-wrapper fusion-flex-justify-content-flex-start fusion-content-layout-column\"><div class=\"fusion-title title fusion-title-1 fusion-sep-none fusion-title-center fusion-title-text fusion-title-size-one\" style=\"--awb-margin-bottom:0px;\"><h1 class=\"fusion-title-heading title-heading-center fusion-responsive-typography-calculated\" style=\"margin:0;--fontSize:35;line-height:1.2;\"><\/h1><\/div><\/div><\/div><\/div><\/div><div class=\"fusion-fullwidth fullwidth-box fusion-builder-row-2 fusion-flex-container nonhundred-percent-fullwidth non-hundred-percent-height-scrolling\" style=\"--awb-background-position:center top;--awb-border-radius-top-left:0px;--awb-border-radius-top-right:0px;--awb-border-radius-bottom-right:0px;--awb-border-radius-bottom-left:0px;--awb-padding-top:6%;--awb-padding-bottom:6%;--awb-flex-wrap:wrap;\" ><div class=\"fusion-builder-row fusion-row fusion-flex-align-items-flex-start fusion-flex-content-wrap\" style=\"max-width:calc( 1300px + 0px );margin-left: calc(-0px \/ 2 );margin-right: calc(-0px \/ 2 );\"><div class=\"fusion-layout-column fusion_builder_column fusion-builder-column-1 fusion_builder_column_1_1 1_1 fusion-flex-column fusion-animated\" style=\"--awb-bg-size:cover;--awb-width-large:100%;--awb-margin-top-large:40px;--awb-spacing-right-large:0px;--awb-margin-bottom-large:20px;--awb-spacing-left-large:0px;--awb-width-medium:100%;--awb-spacing-right-medium:0px;--awb-spacing-left-medium:0px;--awb-width-small:100%;--awb-spacing-right-small:0px;--awb-spacing-left-small:0px;\" data-animationType=\"slideInLeft\" data-animationDuration=\"0.6\" data-animationOffset=\"top-into-view\"><div class=\"fusion-column-wrapper fusion-flex-justify-content-flex-start fusion-content-layout-column\"><div class=\"fusion-text fusion-text-1\" style=\"--awb-text-transform:none;\"><h1>19 GODINA SINDIKATA U YETTELU<\/h1>\n<p>Prvobitno ime na\u0161e Sindikalne organizacije u vreme tranzicije Mobtel-Mobi -063-Telenor bilo je \u201e063 062 GSM Mre\u017ea Sindikat\u201c .<\/p>\n<p>Registrovani smo u Ministarstvu za rad, zapo\u0161ljavanje i socijalnu politiku \u2013 Republika Srbija, i u skladu sa tim izdato nam je re\u0161enje br.110-00-323\/2006-02 od 27.03.2006.godine. (<a href=\"https:\/\/unitel.rs\/yettel\/wp-content\/uploads\/2021\/10\/Resenje-063-062-mreza-Sindikat.pdf\"><strong><em>vidi Re\u0161enje<\/em><\/strong><\/a>)<\/p>\n<p>Na konstitutivnoj Skup\u0161tini od 05.04.2006.god. doneta su op\u0161ta akta sindikata, izabrano je rukovodstvo i odre\u0111eni ciljevi delovanja i rada u interesu zaposlenih u kompaniji Mobtel. Za\u0161tita radno-pravnog statusa zaposlenih u Mobtelu, prelazak u novu firmu Mobi 63 te eventualno zaklju\u010divanje Kolektivnog ugovora i izrada socijalnog programa kao sastavnog dela tenderske prodaje Preduze\u0107a bili su nam osnovni zadaci.<\/p>\n<p>Na osnovu \u010dlana 231.stav 1. Zakona o radu (Slu\u017ebeni glasnik RS, broj 24\/05 i 61\/o5 ) a na predlog Odbora za utvr\u0111ivanje reprezentativnosti sindikata i udru\u017eenja poslodavaca, Ministar rada, zapo\u0161ljavanja i socijalne politike Slobodan Lalovi\u0107 doneo je \u00a0novo\u00a0<strong>RE\u0160ENJE\u00a0<\/strong>kojim se utvr\u0111uje reprezentativnost Sindikata Telenor u Telenoru. Re\u0161enje o Reprezentativnosti\u00a0 Sindikata zavedeno je pod rednim brojem 19 722 od 23.08.2006. godine (<a href=\"https:\/\/unitel.rs\/yettel\/wp-content\/uploads\/2021\/10\/Resenje-od-29.01.07.pdf\"><strong><em>vidi Re\u0161enje<\/em><\/strong><\/a>)<\/p>\n<p>Izmenom Statuta od 20.05.2013 \u00a0i zahtevom prema Ministarstvu\u00a0<strong>Sindikat Telenor\u00a0<\/strong>prelazi u\u00a0<strong>Udru\u017eeni Sindikat Telenor<\/strong>\u00a0i postaje \u00a0organizacija dobrovoljno udru\u017eenih \u010dlanova zaposlenih u preduze\u0107u Telenor d.o.o.,\u00a0ali i sindikalna organizacija zaposlenih u svim pravnim licima \u010diji je osniva\u010d Telenor d.o.o. Beograd, ili \u010diji je jedan od osniva\u010da Telenor d.o.o. Beograd ,kao i drugih zaposlenih u delatnostima telekomunikacija i drugim delatnostima, ako je jedan od osniva\u010da ili akcionara tog pravnog lica bilo koja \u010dlanica Telenor grupe (<a href=\"https:\/\/unitel.rs\/yettel\/wp-content\/uploads\/2021\/10\/Resenje-Ministrastva-04.07.14.pdf\"><strong><em>vidi Re\u0161enje<\/em><\/strong><\/a>).<\/p>\n<p><strong>Re\u0161enjem broj\u00a0\u00a0\u00a0<\/strong>Br.110-00-323\/2006-02 kod nadle\u017enog ministarstva dana 03.07.2014.godine. izvr\u0161ena je Pre- registracija \u00a0sindikata i prethodno ime Sindikat Telenor u registru sindikata, zamenjeno je imenom\u00a0<strong>Udru\u017eeni Sindikat Telenor.<\/strong><\/p>\n<p>Re\u0161enjem Ministarstva za rad i zapo\u0161ljavanje RS od 29.03.2022. Udru\u017eeni Sindikat Telenora ubudu\u0107e \u0107e se yvati\u00a0 Sindikat Uni Tel u kompaniji Yettel.<\/p>\n<p>U prilogu mo\u017eete videti Re\u0161enje br.110-00-323\/2006-02 od 29.03.2022.godine. <strong><em><a href=\"https:\/\/unitel.rs\/yettel\/reprezentativni-sindikat-u-kompaniji-yettel-ubuduce-zvace-se-sindikat-uni-tel-2\/\">https:\/\/unitel.rs\/yettel\/reprezentativni-sindikat-u-kompaniji-yettel-ubuduce-zvace-se-sindikat-uni-tel-2\/<\/a><\/em><\/strong><\/p>\n<p><strong>Udru\u017eeni Sindikat Telenor osniva\u010d je Granskog sindikata Uni Tel-a.<\/strong><\/p>\n<\/div><\/div><\/div><\/div><\/div><\/p>\n","protected":false},"excerpt":{"rendered":"","protected":false},"author":1,"featured_media":0,"parent":868,"menu_order":7,"comment_status":"closed","ping_status":"closed","template":"100-width.php","meta":{"footnotes":""},"class_list":["post-884","page","type-page","status-publish","hentry"],"jetpack_sharing_enabled":true,"_links":{"self":[{"href":"https:\/\/unitel.rs\/yettel\/wp-json\/wp\/v2\/pages\/884","targetHints":{"allow":["GET"]}}],"collection":[{"href":"https:\/\/unitel.rs\/yettel\/wp-json\/wp\/v2\/pages"}],"about":[{"href":"https:\/\/unitel.rs\/yettel\/wp-json\/wp\/v2\/types\/page"}],"author":[{"embeddable":true,"href":"https:\/\/unitel.rs\/yettel\/wp-json\/wp\/v2\/users\/1"}],"replies":[{"embeddable":true,"href":"https:\/\/unitel.rs\/yettel\/wp-json\/wp\/v2\/comments?post=884"}],"version-history":[{"count":12,"href":"https:\/\/unitel.rs\/yettel\/wp-json\/wp\/v2\/pages\/884\/revisions"}],"predecessor-version":[{"id":2016,"href":"https:\/\/unitel.rs\/yettel\/wp-json\/wp\/v2\/pages\/884\/revisions\/2016"}],"up":[{"embeddable":true,"href":"https:\/\/unitel.rs\/yettel\/wp-json\/wp\/v2\/pages\/868"}],"wp:attachment":[{"href":"https:\/\/unitel.rs\/yettel\/wp-json\/wp\/v2\/media?parent=884"}],"curies":[{"name":"wp","href":"https:\/\/api.w.org\/{rel}","templated":true}]}}