{"id":888,"date":"2021-09-30T21:45:52","date_gmt":"2021-09-30T19:45:52","guid":{"rendered":"https:\/\/unitel.rs\/telenor\/?page_id=888"},"modified":"2022-03-28T00:10:04","modified_gmt":"2022-03-27T22:10:04","slug":"pozicija-sindikata","status":"publish","type":"page","link":"https:\/\/unitel.rs\/yettel\/sindikat-unitel-2\/pozicija-sindikata\/","title":{"rendered":"POZICIJA SINDIKATA"},"content":{"rendered":"<p><div class=\"fusion-fullwidth fullwidth-box fusion-builder-row-1 fusion-flex-container fusion-parallax-none nonhundred-percent-fullwidth non-hundred-percent-height-scrolling lazyload\" style=\"--awb-background-position:center top;--awb-border-radius-top-left:0px;--awb-border-radius-top-right:0px;--awb-border-radius-bottom-right:0px;--awb-border-radius-bottom-left:0px;--awb-padding-top:15%;--awb-padding-bottom:15%;--awb-background-size:cover;--awb-flex-wrap:wrap;\" data-bg=\"https:\/\/unitel.rs\/yettel\/wp-content\/uploads\/2021\/11\/Pozicija-\u0441indikata.jpg\" ><div class=\"fusion-builder-row fusion-row fusion-flex-align-items-flex-start fusion-flex-content-wrap\" style=\"max-width:calc( 1300px + 0px );margin-left: calc(-0px \/ 2 );margin-right: calc(-0px \/ 2 );\"><div class=\"fusion-layout-column fusion_builder_column fusion-builder-column-0 fusion_builder_column_1_1 1_1 fusion-flex-column fusion-animated\" style=\"--awb-bg-size:cover;--awb-width-large:100%;--awb-margin-top-large:0px;--awb-spacing-right-large:0px;--awb-margin-bottom-large:20px;--awb-spacing-left-large:0px;--awb-width-medium:100%;--awb-spacing-right-medium:0px;--awb-spacing-left-medium:0px;--awb-width-small:100%;--awb-spacing-right-small:0px;--awb-spacing-left-small:0px;\" data-animationType=\"fadeInDown\" data-animationDuration=\"0.6\" data-animationOffset=\"top-into-view\"><div class=\"fusion-column-wrapper fusion-flex-justify-content-flex-start fusion-content-layout-column\"><div class=\"fusion-title title fusion-title-1 fusion-sep-none fusion-title-center fusion-title-text fusion-title-size-one\" style=\"--awb-margin-bottom:0px;\"><h1 class=\"fusion-title-heading title-heading-center fusion-responsive-typography-calculated\" style=\"margin:0;--fontSize:35;line-height:1.2;\"><\/h1><\/div><\/div><\/div><\/div><\/div><div class=\"fusion-fullwidth fullwidth-box fusion-builder-row-2 fusion-flex-container nonhundred-percent-fullwidth non-hundred-percent-height-scrolling\" style=\"--awb-background-position:center top;--awb-border-radius-top-left:0px;--awb-border-radius-top-right:0px;--awb-border-radius-bottom-right:0px;--awb-border-radius-bottom-left:0px;--awb-padding-top:6%;--awb-padding-bottom:6%;--awb-flex-wrap:wrap;\" ><div class=\"fusion-builder-row fusion-row fusion-flex-align-items-flex-start fusion-flex-content-wrap\" style=\"max-width:calc( 1300px + 0px );margin-left: calc(-0px \/ 2 );margin-right: calc(-0px \/ 2 );\"><div class=\"fusion-layout-column fusion_builder_column fusion-builder-column-1 fusion_builder_column_1_1 1_1 fusion-flex-column fusion-animated\" style=\"--awb-bg-size:cover;--awb-width-large:100%;--awb-margin-top-large:40px;--awb-spacing-right-large:0px;--awb-margin-bottom-large:20px;--awb-spacing-left-large:0px;--awb-width-medium:100%;--awb-spacing-right-medium:0px;--awb-spacing-left-medium:0px;--awb-width-small:100%;--awb-spacing-right-small:0px;--awb-spacing-left-small:0px;\" data-animationType=\"slideInLeft\" data-animationDuration=\"0.6\" data-animationOffset=\"top-into-view\"><div class=\"fusion-column-wrapper fusion-flex-justify-content-flex-start fusion-content-layout-column\"><div class=\"fusion-text fusion-text-1\" style=\"--awb-text-transform:none;\"><h1>POZICIJA SINDIKATA U YETTEL.<\/h1>\n<p><strong>U KOMAPNIJI\u00a0<\/strong>zaposlenima se jam\u010di sloboda sindikalnog organizovanja.<\/p>\n<p>Kompanija omogu\u0107ava \u00a0sindikatu da aktivno u\u010destvuje u radu Kompanije bitnom za oblast rada, materijalni,\u00a0ekonomski i socijalni polo\u017eaj zaposlenih.<\/p>\n<p>U skladu sa gore napisanim poslodavac obave\u0161tava \u00a0Sindikat o:<\/p>\n<ul>\n<li>uslovima poslovanja;<\/li>\n<li>perspektivi i polo\u017eaju kompanije na tr\u017ei\u0161tu telekomunikacionih usluga;<\/li>\n<li>organizacionim promenama unutar kompanije;<\/li>\n<li>planovima stru\u010dnog osposobljavanja i usavr\u0161avanja zaposlenih;<\/li>\n<li>raspore\u0111ivanju zaposlenih na nove poslove.<\/li>\n<\/ul>\n<p><strong>Prioriteti Sindikata :<\/strong><\/p>\n<p>Kompanija omogu\u0107ava Sindikatu da ima svoje predstavnike u svim odborima, fondovima, komisijama i radnim grupama koje je razmatraju i odlu\u010duju\u00a0 o standardizaciji, nabavci i kori\u0161\u0107enju sredstava i opreme za li\u010dnu za\u0161titu, o bezbednosti \u00a0i zdravlju na radu, o prevenciju radnog invaliditeta ,o uvo\u0111enju dobrovoljnog zdravstvenog i penzijskog osiguranja, o solidarnoj pomo\u0107i zaposlenom, o sportu,\u00a0o rekreaciji, o kulturi u okviru kompanije.<\/p>\n<p><strong>Ovla\u0161\u0107eni Predstavnici Sindikata:\u00a0<\/strong><\/p>\n<p>Ovla\u0161\u0107enim predstavnicima Sindikata smatraju se \u010dlanovi Sindikata izabrani ili imenovani od strane nadle\u017enog organa Sindikata.<\/p>\n<p><strong>Unutra\u0161nja organizacija Sindikata:<\/strong><\/p>\n<p>Sindikalna organizacija je pravno lice. Sindikat \u00a0ima svoje organe:\u00a0<strong>Odbor predstavnika <\/strong>i<strong>\u00a0<\/strong>predsednika sindikata.<\/p>\n<p>\u010clanove Odbora sindikata predla\u017eu i biraju \u010dlanovi Odbora <strong>Granskog sindikata Uni Tel a<\/strong>, kome sindikalna organizacija u kompaniji i pripada.<\/p>\n<p>Odbor predstavnika ima \u010detiri \u010dlana u skladu sa organizacionom strukturom u kompaniji i tekstom potpisanom Kolektivnog ugovora\u00a0\u00a0\u00a0\u00a0\u00a0\u00a0\u00a0\u00a0\u00a0\u00a0\u00a0\u00a0\u00a0\u00a0\u00a0\u00a0\u00a0\u00a0\u00a0\u00a0\u00a0\u00a0\u00a0\u00a0\u00a0\u00a0\u00a0\u00a0\u00a0\u00a0\u00a0\u00a0\u00a0\u00a0\u00a0\u00a0\u00a0\u00a0\u00a0\u00a0\u00a0\u00a0\u00a0\u00a0\u00a0\u00a0\u00a0\u00a0\u00a0\u00a0\u00a0\u00a0\u00a0\u00a0\u00a0\u00a0\u00a0\u00a0\u00a0 (svaka organizaciona celina \u2013 trebalo bi da ima po jednog predstavnika).(<strong>Statut Uni Tela<\/strong> \u00a0\u2013 op\u0161te odredbe \u2013 \u010dlan.1.)\u00a0<strong>Odbor predstavnika<\/strong>\u00a0predla\u017ee i bira glavnog predstavnika Sindikata. Na predlog glavnog predstavnika Sindikata, Odbor predstavnika mo\u017ee da imenuje iz svog sastava i Zamenike glavnog \u00a0predstavnika Sindikata.<\/p>\n<p><strong>Najvi\u0161i organ Sindikata je Odbor predstavnika.<\/strong><\/p>\n<p>Glavni predstavnik je po funkciji \u010dlan Odbora predstavnika.<\/p>\n<p><strong>Finansiranje Sindikata:<\/strong><\/p>\n<p>Sindikat se finansira iz \u010dlanarine. Slu\u017eba HR zaposlenom koji je \u010dlan sindikata, na ime sindikalne \u010dlanarine, odbija iznos od zarade na osnovu njegove pismene izjave (pristupnice) i taj iznos upla\u0107uje na odgovaraju\u0107i ra\u010dun Sindikata. Kompanija, u okviru bud\u017eetskih sredstava za teku\u0107u poslovnu godinu, u skladu sa svojim mogu\u0107nostima mo\u017ee da planira i finansijska sredstva u cilju obezbe\u0111ivanja uslova za rad Sindikata. Prilikom planiranja sredstava, Kompanija \u00a0mo\u017ee uzeti u obzir i nivo opredeljenih sredstava, obim i svrhu anga\u017eovanja istih od strane Sindikata iz prethodne poslovne godine. Posebnim sporazumom, izme\u0111u Poslodavca i Sindikata reguli\u0161u se druga prava vezana za uslove za rad Sindikata, tj dodatna sredstva za realizaciju istih..<\/p>\n<p><strong>Dodatna sredstva<\/strong>\u00a0ako ih ima namenski se mogu koristiti za realizaciju zajedni\u010dkih projekata koji doprinose ostvarivanju razvojnih ciljeva kompanije i od zna\u010daja su za sve zaposlene. Dodatna sredstva mogu se koristiti \u00a0i za profesionalizaciju sindikalnih funkcija \u00a0i rada stru\u010dnih tela Sindikata. Ovako anga\u017eovana sredstva moraju da budu u skladu sa principima poslovne politike Poslodavca koja se odnosi na oblast pove\u0107anja produktivnosti rada i racionalizacije operativnih\u00a0tro\u0161kova u kompaniji.<\/p>\n<p><strong>Odbor\u00a0 za bezbednost i zdravlje na radu-<\/strong>\u00a0Poslodavac je du\u017ean da zaposlenom obezbedi za\u0161titu \u017eivota i zdravlja u skladu sa zakonom, drugim propisima i Pravilnikom o bezbednosti i zdravlju na radu. Sindikat ima pravo da se neposredno upozna sa preduzetim merama, kao i da predla\u017ee nove mere za pobolj\u0161anje uslova rada.<\/p>\n<p>Kompanija je, u skladu sa tekstom potpisanog Kolektivnog ugovora formirao Odbor za bezbednost i zdravlje na radu. U Odbor ulaze 3 (tri) predstavnika zaposlenih. \u00a0dva imenuje Sindikat, a jednog poslodavac. Nadle\u017enosti Odbora definisane su Pravilnikom o bezbednosti i zdravlju na radu.<\/p>\n<p><strong>Podr\u0161ka sportskom aktivnostima:<\/strong><\/p>\n<p>Kako bi zaposleni u kompaniji bili zdravi, ona \u0107e finansirati rekreativne sportske aktivnosti. U skladu sa procesom finansijskog planiranja, kompanija \u0107e izdvojiti \u00a0nov\u010dana sredstva radi \u00a0finansiranja sportsko-rekreativnih, kao i kulturnih potreba zaposlenih procesom finansijskog planiranja. Poslodavac \u0107e oformiti\u00a0<strong>radnu grupu od \u010detiri predstavnika zaposlenih<\/strong>, od kojih dva imenuje on, a dva Sindikat.Predstavnici radne grupe ima\u0107e \u00a0mogu\u0107nost da predlo\u017ee kori\u0161\u0107enje ovih sredstava.<\/p>\n<p>Kompanija ima pravo da za prethodno navedeno donese kona\u010dnu odluku o kori\u0161\u0107enju sredstava kao i da u potpunosti ili delimi\u010dno bude sponzor i sportskih timova.<\/p>\n<p>Period va\u017eenja Kolektivnog ugovora (feb.\u00a0 2022 \u2013 feb.\u00a02025)<\/p>\n<\/div><\/div><\/div><\/div><\/div><\/p>\n","protected":false},"excerpt":{"rendered":"","protected":false},"author":1,"featured_media":0,"parent":868,"menu_order":4,"comment_status":"closed","ping_status":"closed","template":"100-width.php","meta":{"footnotes":""},"class_list":["post-888","page","type-page","status-publish","hentry"],"jetpack_sharing_enabled":true,"_links":{"self":[{"href":"https:\/\/unitel.rs\/yettel\/wp-json\/wp\/v2\/pages\/888","targetHints":{"allow":["GET"]}}],"collection":[{"href":"https:\/\/unitel.rs\/yettel\/wp-json\/wp\/v2\/pages"}],"about":[{"href":"https:\/\/unitel.rs\/yettel\/wp-json\/wp\/v2\/types\/page"}],"author":[{"embeddable":true,"href":"https:\/\/unitel.rs\/yettel\/wp-json\/wp\/v2\/users\/1"}],"replies":[{"embeddable":true,"href":"https:\/\/unitel.rs\/yettel\/wp-json\/wp\/v2\/comments?post=888"}],"version-history":[{"count":13,"href":"https:\/\/unitel.rs\/yettel\/wp-json\/wp\/v2\/pages\/888\/revisions"}],"predecessor-version":[{"id":1786,"href":"https:\/\/unitel.rs\/yettel\/wp-json\/wp\/v2\/pages\/888\/revisions\/1786"}],"up":[{"embeddable":true,"href":"https:\/\/unitel.rs\/yettel\/wp-json\/wp\/v2\/pages\/868"}],"wp:attachment":[{"href":"https:\/\/unitel.rs\/yettel\/wp-json\/wp\/v2\/media?parent=888"}],"curies":[{"name":"wp","href":"https:\/\/api.w.org\/{rel}","templated":true}]}}