{"id":894,"date":"2021-09-30T21:51:39","date_gmt":"2021-09-30T19:51:39","guid":{"rendered":"https:\/\/unitel.rs\/telenor\/?page_id=894"},"modified":"2022-03-22T22:34:33","modified_gmt":"2022-03-22T21:34:33","slug":"ako-imamo-sindikat","status":"publish","type":"page","link":"https:\/\/unitel.rs\/yettel\/sindikat-unitel-2\/kolektivni-ugovor\/ako-imamo-sindikat\/","title":{"rendered":"AKO IMAMO SINDIKAT &#8230;"},"content":{"rendered":"<p><div class=\"fusion-fullwidth fullwidth-box fusion-builder-row-1 fusion-flex-container fusion-parallax-none nonhundred-percent-fullwidth non-hundred-percent-height-scrolling lazyload\" style=\"--awb-background-position:center top;--awb-border-radius-top-left:0px;--awb-border-radius-top-right:0px;--awb-border-radius-bottom-right:0px;--awb-border-radius-bottom-left:0px;--awb-padding-top:15%;--awb-padding-bottom:15%;--awb-background-size:cover;--awb-flex-wrap:wrap;\" data-bg=\"https:\/\/unitel.rs\/yettel\/wp-content\/uploads\/2021\/10\/AKO-IMAMOSINDIKAT-2.jpg\" ><div class=\"fusion-builder-row fusion-row fusion-flex-align-items-flex-start fusion-flex-content-wrap\" style=\"max-width:calc( 1300px + 0px );margin-left: calc(-0px \/ 2 );margin-right: calc(-0px \/ 2 );\"><div class=\"fusion-layout-column fusion_builder_column fusion-builder-column-0 fusion_builder_column_1_1 1_1 fusion-flex-column fusion-animated\" style=\"--awb-bg-size:cover;--awb-width-large:100%;--awb-margin-top-large:0px;--awb-spacing-right-large:0px;--awb-margin-bottom-large:20px;--awb-spacing-left-large:0px;--awb-width-medium:100%;--awb-spacing-right-medium:0px;--awb-spacing-left-medium:0px;--awb-width-small:100%;--awb-spacing-right-small:0px;--awb-spacing-left-small:0px;\" data-animationType=\"fadeInDown\" data-animationDuration=\"0.6\" data-animationOffset=\"top-into-view\"><div class=\"fusion-column-wrapper fusion-flex-justify-content-flex-start fusion-content-layout-column\"><div class=\"fusion-title title fusion-title-1 fusion-sep-none fusion-title-center fusion-title-text fusion-title-size-one\" style=\"--awb-margin-bottom:0px;\"><h1 class=\"fusion-title-heading title-heading-center fusion-responsive-typography-calculated\" style=\"margin:0;--fontSize:35;line-height:1.2;\"><\/h1><\/div><\/div><\/div><\/div><\/div><div class=\"fusion-fullwidth fullwidth-box fusion-builder-row-2 fusion-flex-container nonhundred-percent-fullwidth non-hundred-percent-height-scrolling\" style=\"--awb-background-position:center top;--awb-border-radius-top-left:0px;--awb-border-radius-top-right:0px;--awb-border-radius-bottom-right:0px;--awb-border-radius-bottom-left:0px;--awb-padding-top:6%;--awb-padding-bottom:6%;--awb-flex-wrap:wrap;\" ><div class=\"fusion-builder-row fusion-row fusion-flex-align-items-flex-start fusion-flex-content-wrap\" style=\"max-width:calc( 1300px + 0px );margin-left: calc(-0px \/ 2 );margin-right: calc(-0px \/ 2 );\"><div class=\"fusion-layout-column fusion_builder_column fusion-builder-column-1 fusion_builder_column_1_1 1_1 fusion-flex-column fusion-animated\" style=\"--awb-bg-size:cover;--awb-width-large:100%;--awb-margin-top-large:40px;--awb-spacing-right-large:0px;--awb-margin-bottom-large:20px;--awb-spacing-left-large:0px;--awb-width-medium:100%;--awb-spacing-right-medium:0px;--awb-spacing-left-medium:0px;--awb-width-small:100%;--awb-spacing-right-small:0px;--awb-spacing-left-small:0px;\" data-animationType=\"slideInLeft\" data-animationDuration=\"0.6\" data-animationOffset=\"top-into-view\"><div class=\"fusion-column-wrapper fusion-flex-justify-content-flex-start fusion-content-layout-column\"><div class=\"fusion-text fusion-text-1\"><h1>AKO IMAMO SINDIKAT \u2026<\/h1>\n<p>Imamo mogu\u0107nost udru\u017eivanja sa drugim sindikatima. Na\u0161 sindikat je \u010dlan Konfederacije Slobodnih Sindikata koji je jedan od tri reprezentativna sindikata na republi\u010dkom nivou. Porodicu ovih sindikata \u010dine sindikati EPS-a, Telekoma, PTT-a, Dunav Osiguranja, NIS-a, Milicije, Sindikat Medicinskih radnika Srbije itd. sa preko 250.000 \u010dlanova).<\/p>\n<p>Saradnjom sa\u00a0<strong><em>Uni Globalom\u00a0<\/em><\/strong>uzeli smo u\u010de\u0161\u0107e u radu sindikata koji predstavlja predstavlja vi\u0161e od 20 miliona radnika iz preko 150 razli\u010ditih zemalja u najbr\u017ee rastuc\u0301im sektorima na svetu.<strong><em>\u00a0<\/em><\/strong><\/p>\n<p>Organizacija\u00a0\u00a0<strong>Sindikata<\/strong>\u00a0u kompaniji preduslov je za potpisivanje\u00a0<strong>Kolektivnog ugovora<\/strong>. Zaposleni, bez sindikata, ne mogu sklopiti va\u017ee\u0107i kolektivni ugovor. Dakle, imamo <strong>Sindikat<\/strong> imamo i <strong>Kolektivni ugovor<\/strong>.<\/p>\n<p><strong><em>Kolektivni ugovor<\/em><\/strong>\u00a0\u00a0je poseban dokument \u2013 ugovor iz radnog prava koji u pisanom obliku dobrovoljno sklapaju poslodavac i sindikat. On reguli\u0161e njihove medjusobne odnose, kao i pravila koja se odnose na prava zaposlenih. Kolektivnim ugovorom ta prava se samo pove\u0107avaju \u00a0u odnosu na zakon.<\/p>\n<p><strong><em>Benefiti Kolektivnog \u00a0ugovora<\/em><\/strong><strong>\u00a0:<\/strong><\/p>\n<ul>\n<li>Politika mobilnih telefona (nema tog benefita u zakonu);<\/li>\n<li>Godi\u0161nje revizija zarada (nema tog benefita u zakonu);<\/li>\n<li>Osiguranje na radu (iznad zakona);<\/li>\n<li>Osiguranje van rada (iznad zakona);<\/li>\n<li>Godi\u0161nji bonusi (nema u zakonu);<\/li>\n<\/ul>\n<p><strong>Naknada za regres u visini 1000 Eura bruto<\/strong>\u00a0(iznad\u00a0 zakona \u2013 na republi\u010dkom novou prose\u010dna bruto plata u julu 2021. je oko 750 Eura);<\/p>\n<ul>\n<li>Dobrovoljno Zdravstveno Osiguranje za svakog radnika (iznad zakona);<\/li>\n<li>Topli obrok u visini 15% od prose\u010dne plate u Srbiji (iznad zakona);<\/li>\n<li>Naknada za dug radni sta\u017e u kompaniji\u00a0(nema u zakonu);<\/li>\n<li>Naknada za ro\u0111enje deteta (iznad zakona);<\/li>\n<li>Otpremnine u slu\u010daju odlaska u penziju\u00a0(iznad zakona);<\/li>\n<li>Otpremnine u slu\u010daju vi\u0161ka zaposlenih (iznad zakona);<\/li>\n<li>Klizno radno vreme (iznad zakona);<\/li>\n<li>Godi\u0161nji odmor za sve zaposlene u trajanju od 25 radnih dana (iznad zakona);<\/li>\n<li>Vi\u0161e dana godi\u0161njeg odmora za zaposlene koji rade na poslovima pod posebnim uslovima (iznad zakona);<\/li>\n<li>Podr\u0161ka sportskim aktivnostima (nema u zakonu)<\/li>\n<li>Rekreacija za sve zaposlene (nema u zakonu);<\/li>\n<li>Godi\u0161nje \u017eurke (nema u zakonu);<\/li>\n<li>Briga o porodici nastradalog radnika (nema u zakonu);<\/li>\n<li>Novogodi\u0161nji paketi\u0107i za decu zaposlenih (nema u zakonu);<\/li>\n<li>100% zarade sa sve koleginice na trudni\u010dkom bolovanju (nema u zakonu);<\/li>\n<\/ul>\n<p><strong>Sindikat<\/strong>\u00a0\u00a0je \u201dgarant\u201d sprovo\u0111enja Kolektivnog ugovora \u00a0i svih gore navedenih benefita.<\/p>\n<p><strong><em>Ako imamo Sindikat<\/em><\/strong>\u00a0\u00a0imamo mogu\u0107nost da sa drugim sindikatima iz telekomunikacione grane napravimo Granski Kolektivni ugovor, damo ga na usvajanje Vladi RS ili pak resornom ministarstvu (U Hrvarskoj su to ve\u0107 uradili).<\/p>\n<p><strong><em>Ako imamo Sindikat<\/em><\/strong>\u00a0imamo mogu\u0107nost besplatne pravne za\u0161tite za svakog \u010dlana sindikata (oblast radnog prava \u2013imamo advokatsku kancelariju koja nas zastupa).<\/p>\n<p><strong><em>Ako imamo Sindikat<\/em><\/strong> imamo sajt <a href=\"https:\/\/unitel.rs\/telenor\/\">unitel.rs\/telenor\/<\/a>\u00a0preko koga informi\u0161emo \u010dlanstvo o svim aktuelnostima u kompaniji i\u00a0sindikatu.<\/p>\n<p><strong><em>Ako imamo Sindikat<\/em><\/strong>\u00a0imamo mogu\u0107nost\u00a0kvartalnih sastanaka sa Generalnim direktorom i HR partnerom.<\/p>\n<p><strong><em>Ako imamo Sindikat<\/em><\/strong>\u00a0imamo Odbor za zdravlje i bezbednost na radu.<\/p>\n<p><strong><em>Ako imamo Sindikat<\/em><\/strong>\u00a0imamo mogu\u0107nost da organizujemo putovanja i izlete. Potpisali smo \u00a0Ugovore sa velikim brojem \u00a0renomiranih firmi (usluge, bela tehnika i sl.). Preko sindikata mo\u017eete lako i na vi\u0161e rata oti\u0107i na letovanje ili zimovanje. Sindikat svake godine organizuje 8. martovsko putovanje, a koleginice imaju mogu\u0107nost da dobiju prigodan poklon za svoj praznik.\u00a0<strong><em>S<\/em><\/strong>i<strong><em>ndikat \u00a0<\/em><\/strong>nam omogu\u0107ava da potpi\u0161emo ugovor o poslovno tehni\u010dkoj saradnji sa firmom, preko koje na\u0161i \u010dlanovi mogu kupiti robu po benefitnoj ceni ili na vi\u0161e rata (bela tehnika, garderoba i razne druge usluge).<\/p>\n<p><strong><em>Ako imamo Sindikat\u00a0<\/em><\/strong>ima\u0107emo svoja obele\u017eja (majice, bed\u017eeve, ran\u010deve, priveske, USB, torbe za kompjutere i sl.)<\/p>\n<p><strong><em>Ako imamo Sindikat <\/em><\/strong>ima\u0107emo Fond solidarnosti. Svaki \u010dlan sindikata koji izdvaja 1% od svoje mese\u010dne neto zarade ostvaruje pravo na bespovratna nov\u010danu nadoknadu za ro\u0111enje\u00a0 deteta, za ven\u010danje, za nadoknadu \u0161tetu u doma\u0107instvu, za bolni\u010dko le\u010denje, za polazak deteta u \u0161kolu.\u00a0<strong><em>Vi\u0161e od 40% \u010dlanarine<\/em><\/strong>\u00a0se izdvaja godi\u0161nje za tu namenu.<\/p>\n<\/div><\/div><\/div><\/div><\/div><\/p>\n","protected":false},"excerpt":{"rendered":"","protected":false},"author":1,"featured_media":0,"parent":892,"menu_order":3,"comment_status":"closed","ping_status":"closed","template":"100-width.php","meta":{"footnotes":""},"class_list":["post-894","page","type-page","status-publish","hentry"],"jetpack_sharing_enabled":true,"_links":{"self":[{"href":"https:\/\/unitel.rs\/yettel\/wp-json\/wp\/v2\/pages\/894","targetHints":{"allow":["GET"]}}],"collection":[{"href":"https:\/\/unitel.rs\/yettel\/wp-json\/wp\/v2\/pages"}],"about":[{"href":"https:\/\/unitel.rs\/yettel\/wp-json\/wp\/v2\/types\/page"}],"author":[{"embeddable":true,"href":"https:\/\/unitel.rs\/yettel\/wp-json\/wp\/v2\/users\/1"}],"replies":[{"embeddable":true,"href":"https:\/\/unitel.rs\/yettel\/wp-json\/wp\/v2\/comments?post=894"}],"version-history":[{"count":9,"href":"https:\/\/unitel.rs\/yettel\/wp-json\/wp\/v2\/pages\/894\/revisions"}],"predecessor-version":[{"id":1711,"href":"https:\/\/unitel.rs\/yettel\/wp-json\/wp\/v2\/pages\/894\/revisions\/1711"}],"up":[{"embeddable":true,"href":"https:\/\/unitel.rs\/yettel\/wp-json\/wp\/v2\/pages\/892"}],"wp:attachment":[{"href":"https:\/\/unitel.rs\/yettel\/wp-json\/wp\/v2\/media?parent=894"}],"curies":[{"name":"wp","href":"https:\/\/api.w.org\/{rel}","templated":true}]}}